{"id":13337,"date":"2025-11-15T23:35:54","date_gmt":"2025-11-15T23:35:54","guid":{"rendered":"https:\/\/marsellabedding.com\/?post_type=product&#038;p=13337"},"modified":"2026-03-10T22:36:46","modified_gmt":"2026-03-10T22:36:46","slug":"ferro","status":"publish","type":"product","link":"https:\/\/marsellabedding.com\/fr\/produit\/ferro\/","title":{"rendered":"FERRO BONELL"},"content":{"rendered":"<table>\n<tbody>\n<tr>\n<td><strong>Matras \u2013 Matresses \u2013 Matelas<\/strong><\/td>\n<td>Bonnel spring with soft foam<br \/>\nBonnelver met zacht schuim<br \/>\nRessort Bonnel avec mousse souple<\/td>\n<\/tr>\n<tr>\n<td><strong>Supported weight \u2013 Ondersteund gewicht \u2013 Poids support\u00e9<\/strong><\/td>\n<td>Aanbevolen tot 100 kg (per zijde)<br \/>\nRecommand\u00e9 jusqu\u2019\u00e0 100 kg (par c\u00f4t\u00e9)<br \/>\nMaximum load 100 kg (each side)<\/td>\n<\/tr>\n<tr>\n<td><strong>Packages \u2013 Verpakking \u2013 Emballage<\/strong><\/td>\n<td>90\u00d7200 \/ 120\u00d7200 \/ 140\u00d7200 \/ 160\u00d7200 \/ 180\u00d7200 \u2014 1 colli<\/td>\n<\/tr>\n<tr>\n<td><strong>Height \u2013 Hoogte \u2013 Hauteur<\/strong><\/td>\n<td>Mattress height \u00b1 26 cm<br \/>\nMatras hoogte \u00b1 26 cm<br \/>\nMatelas hauteur \u00b1 26 cm<\/td>\n<\/tr>\n<tr>\n<td><strong>Hardness \u2013 Hardheid \u2013 Duret\u00e9<\/strong><\/td>\n<td>Medium<\/td>\n<\/tr>\n<\/tbody>\n<\/table>","protected":false},"excerpt":{"rendered":"<p><img decoding=\"async\" class=\"alignnone wp-image-13995\" role=\"img\" src=\"https:\/\/marsellabedding.com\/wp-content\/uploads\/2025\/11\/Untitled-design-7.svg\" alt=\"\" width=\"543\" height=\"181\" \/><\/p>","protected":false},"featured_media":15971,"comment_status":"open","ping_status":"closed","template":"","meta":[],"product_brand":[],"product_cat":[314,305],"product_tag":[],"class_list":{"0":"post-13337","1":"product","2":"type-product","3":"status-publish","4":"has-post-thumbnail","6":"product_cat-matrassen","7":"product_cat-ferro","9":"first","10":"instock","11":"taxable","12":"shipping-taxable","13":"purchasable","14":"product-type-variable"},"supplier_id":null,"supplier_sku":"","barcode":null,"atum_controlled":true,"out_stock_date":null,"out_stock_threshold":null,"inheritable":true,"inbound_stock":0,"stock_on_hold":0,"sold_today":0,"sales_last_days":0,"reserved_stock":0,"customer_returns":0,"warehouse_damage":0,"lost_in_post":0,"other_logs":0,"out_stock_days":0,"lost_sales":0,"has_location":false,"update_date":"2026-04-04T01:42:51","atum_locations":[],"atum_stock_status":"instock","restock_status":false,"low_stock_amount":"","sales_update_date":"2026-04-04T01:42:51","calc_backorders":0,"exclude_global_add_ons":false,"addons":[{"name":"Optie kleur","type":"custom_text","position":0,"required":false,"title_format":"label","default":"","description_enable":false,"description":"","placeholder_enable":false,"placeholder":"","display":"select","restrictions_type":"only_letters_numbers","adjust_price":false,"price":"","price_type":"flat_fee","restrictions":false,"min":"0","max":"0","options":[],"id":1771516421}],"_links":{"self":[{"href":"https:\/\/marsellabedding.com\/fr\/wp-json\/wp\/v2\/product\/13337","targetHints":{"allow":["GET"]}}],"collection":[{"href":"https:\/\/marsellabedding.com\/fr\/wp-json\/wp\/v2\/product"}],"about":[{"href":"https:\/\/marsellabedding.com\/fr\/wp-json\/wp\/v2\/types\/product"}],"replies":[{"embeddable":true,"href":"https:\/\/marsellabedding.com\/fr\/wp-json\/wp\/v2\/comments?post=13337"}],"version-history":[{"count":6,"href":"https:\/\/marsellabedding.com\/fr\/wp-json\/wp\/v2\/product\/13337\/revisions"}],"predecessor-version":[{"id":16276,"href":"https:\/\/marsellabedding.com\/fr\/wp-json\/wp\/v2\/product\/13337\/revisions\/16276"}],"wp:featuredmedia":[{"embeddable":true,"href":"https:\/\/marsellabedding.com\/fr\/wp-json\/wp\/v2\/media\/15971"}],"wp:attachment":[{"href":"https:\/\/marsellabedding.com\/fr\/wp-json\/wp\/v2\/media?parent=13337"}],"wp:term":[{"taxonomy":"product_brand","embeddable":true,"href":"https:\/\/marsellabedding.com\/fr\/wp-json\/wp\/v2\/product_brand?post=13337"},{"taxonomy":"product_cat","embeddable":true,"href":"https:\/\/marsellabedding.com\/fr\/wp-json\/wp\/v2\/product_cat?post=13337"},{"taxonomy":"product_tag","embeddable":true,"href":"https:\/\/marsellabedding.com\/fr\/wp-json\/wp\/v2\/product_tag?post=13337"}],"curies":[{"name":"wp","href":"https:\/\/api.w.org\/{rel}","templated":true}]}}